{"id":253,"date":"2024-04-09T19:42:33","date_gmt":"2024-04-09T17:42:33","guid":{"rendered":"https:\/\/www.veronacard.net\/?page_id=253"},"modified":"2025-05-23T15:17:13","modified_gmt":"2025-05-23T13:17:13","slug":"contacto","status":"publish","type":"page","link":"https:\/\/www.veronacard.net\/pt\/kontakt\/","title":{"rendered":"Contato"},"content":{"rendered":"<p><strong>VeronaCard.net n\u00e3o \u00e9 um s\u00edtio Web oficial.<\/strong> Pode contactar o posto de turismo oficial aqui.<\/p>\n\n\n\n<p><strong>Contactos: Posto de Turismo de Verona<\/strong><\/p>\n\n\n\n<ul class=\"wp-block-list\">\n<li>IAT Verona - Escrit\u00f3rio de Informa\u00e7\u00e3o e Acolhimento Tur\u00edstico<\/li>\n\n\n\n<li>Endere\u00e7o: via Leoncino, 61 (Palazzo Barbieri) - 37121 Verona<\/li>\n\n\n\n<li>Telefone: +39 045 8068680 <\/li>\n\n\n\n<li>Correio eletr\u00f3nico: iatverona@comune.verona.it<\/li>\n<\/ul>\n\n\n\n\n\n<p><strong>Dados de contacto: Tiqets\/GetYourGuide<\/strong><\/p>\n\n\n\n<ul class=\"wp-block-list\">\n<li>Tiqets.com:&nbsp;<a href=\"https:\/\/support.tiqets.com\/lang\/pt\/\" target=\"_blank\" rel=\"noreferrer noopener\">Contato<\/a><\/li>\n\n\n\n<li>GetYourGuide:&nbsp;<a href=\"https:\/\/www.getyourguide.com\/pt-pt\/contact\/\" target=\"_blank\" rel=\"noreferrer noopener\">Contato<\/a><\/li>\n<\/ul>","protected":false},"excerpt":{"rendered":"<p>VeronaCard.net n\u00e3o \u00e9 um s\u00edtio Web oficial. Pode contactar o posto de turismo oficial aqui. Contactos: Posto de Turismo de Verona Contacto: Tiqets\/GetYourGuide<\/p>","protected":false},"author":1,"featured_media":0,"parent":0,"menu_order":0,"comment_status":"closed","ping_status":"closed","template":"","meta":{"footnotes":""},"class_list":["post-253","page","type-page","status-publish"],"aioseo_notices":[],"_links":{"self":[{"href":"https:\/\/www.veronacard.net\/pt\/wp-json\/wp\/v2\/pages\/253","targetHints":{"allow":["GET"]}}],"collection":[{"href":"https:\/\/www.veronacard.net\/pt\/wp-json\/wp\/v2\/pages"}],"about":[{"href":"https:\/\/www.veronacard.net\/pt\/wp-json\/wp\/v2\/types\/page"}],"author":[{"embeddable":true,"href":"https:\/\/www.veronacard.net\/pt\/wp-json\/wp\/v2\/users\/1"}],"replies":[{"embeddable":true,"href":"https:\/\/www.veronacard.net\/pt\/wp-json\/wp\/v2\/comments?post=253"}],"version-history":[{"count":4,"href":"https:\/\/www.veronacard.net\/pt\/wp-json\/wp\/v2\/pages\/253\/revisions"}],"predecessor-version":[{"id":747,"href":"https:\/\/www.veronacard.net\/pt\/wp-json\/wp\/v2\/pages\/253\/revisions\/747"}],"wp:attachment":[{"href":"https:\/\/www.veronacard.net\/pt\/wp-json\/wp\/v2\/media?parent=253"}],"curies":[{"name":"wp","href":"https:\/\/api.w.org\/{rel}","templated":true}]}}