{"id":253,"date":"2024-04-09T19:42:33","date_gmt":"2024-04-09T17:42:33","guid":{"rendered":"https:\/\/www.veronacard.net\/?page_id=253"},"modified":"2025-05-23T15:17:13","modified_gmt":"2025-05-23T13:17:13","slug":"kapcsolatfelvetel","status":"publish","type":"page","link":"https:\/\/www.veronacard.net\/hu\/kontakt\/","title":{"rendered":"Kapcsolat"},"content":{"rendered":"<p><strong>A VeronaCard.net nem hivatalos weboldal.<\/strong> A hivatalos idegenforgalmi irod\u00e1val itt l\u00e9phet kapcsolatba.<\/p>\n\n\n\n<p><strong>El\u00e9rhet\u0151s\u00e9gek: Verona Turisztikai Hivatal<\/strong><\/p>\n\n\n\n<ul class=\"wp-block-list\">\n<li>IAT Verona - Ufficio Informazioni e accoglienza turistica (turistainform\u00e1ci\u00f3k \u00e9s turistal\u00e1tv\u00e1nyoss\u00e1gok)<\/li>\n\n\n\n<li>C\u00edm: via Leoncino, 61 (Palazzo Barbieri) - 37121 Verona<\/li>\n\n\n\n<li>Telefon: +39 045 8068680 <\/li>\n\n\n\n<li>Mail: iatverona@comune.verona.it<\/li>\n<\/ul>\n\n\n\n\n\n<p><strong>El\u00e9rhet\u0151s\u00e9gek: Tiqets\/GetYourGuide<\/strong><\/p>\n\n\n\n<ul class=\"wp-block-list\">\n<li>Tiqets.com:&nbsp;<a href=\"https:\/\/support.tiqets.com\/lang\/en_us\/\" target=\"_blank\" rel=\"noreferrer noopener\">Kapcsolat<\/a><\/li>\n\n\n\n<li>GetYourGuide:&nbsp;<a href=\"https:\/\/www.getyourguide.com\/hu-hu\/contact\/\" target=\"_blank\" rel=\"noreferrer noopener\">Kapcsolat<\/a><\/li>\n<\/ul>","protected":false},"excerpt":{"rendered":"<p>A VeronaCard.net nem hivatalos weboldal. A hivatalos idegenforgalmi hivatallal itt l\u00e9phet kapcsolatba. El\u00e9rhet\u0151s\u00e9gek: Verona, Verona, Verona, Verona, Verona, Verona, Verona, Verona, Verona, Verona: Verona Turisztikai Hivatal El\u00e9rhet\u0151s\u00e9gek: Verona Tourist Office Contact details: Tiqets\/GetYourGuide<\/p>","protected":false},"author":1,"featured_media":0,"parent":0,"menu_order":0,"comment_status":"closed","ping_status":"closed","template":"","meta":{"footnotes":""},"class_list":["post-253","page","type-page","status-publish"],"aioseo_notices":[],"_links":{"self":[{"href":"https:\/\/www.veronacard.net\/hu\/wp-json\/wp\/v2\/pages\/253","targetHints":{"allow":["GET"]}}],"collection":[{"href":"https:\/\/www.veronacard.net\/hu\/wp-json\/wp\/v2\/pages"}],"about":[{"href":"https:\/\/www.veronacard.net\/hu\/wp-json\/wp\/v2\/types\/page"}],"author":[{"embeddable":true,"href":"https:\/\/www.veronacard.net\/hu\/wp-json\/wp\/v2\/users\/1"}],"replies":[{"embeddable":true,"href":"https:\/\/www.veronacard.net\/hu\/wp-json\/wp\/v2\/comments?post=253"}],"version-history":[{"count":4,"href":"https:\/\/www.veronacard.net\/hu\/wp-json\/wp\/v2\/pages\/253\/revisions"}],"predecessor-version":[{"id":747,"href":"https:\/\/www.veronacard.net\/hu\/wp-json\/wp\/v2\/pages\/253\/revisions\/747"}],"wp:attachment":[{"href":"https:\/\/www.veronacard.net\/hu\/wp-json\/wp\/v2\/media?parent=253"}],"curies":[{"name":"wp","href":"https:\/\/api.w.org\/{rel}","templated":true}]}}