{"id":253,"date":"2024-04-09T19:42:33","date_gmt":"2024-04-09T17:42:33","guid":{"rendered":"https:\/\/www.veronacard.net\/?page_id=253"},"modified":"2025-05-23T15:17:13","modified_gmt":"2025-05-23T13:17:13","slug":"kontakt","status":"publish","type":"page","link":"https:\/\/www.veronacard.net\/de\/kontakt\/","title":{"rendered":"Kontakt"},"content":{"rendered":"\n<p><strong>VeronaCard.net ist keine offizielle Website.<\/strong> Hier k\u00f6nnen Sie das offizielle Tourismusb\u00fcro kontaktieren.<\/p>\n\n\n\n<p><strong>Kontaktdaten: Tourismusb\u00fcro Verona<\/strong><\/p>\n\n\n\n<ul class=\"wp-block-list\">\n<li>IAT Verona &#8211; Ufficio Informazioni e accoglienza turistica<\/li>\n\n\n\n<li>Adresse: via Leoncino, 61 (Palazzo Barbieri) &#8211; 37121 Verona<\/li>\n\n\n\n<li>Telefon: +39 045 8068680 <\/li>\n\n\n\n<li>Mail: iatverona@comune.verona.it<\/li>\n<\/ul>\n\n\n\n\n\n<p><strong>Kontaktdaten: Tiqets\/GetYourGuide<\/strong><\/p>\n\n\n\n<ul class=\"wp-block-list\">\n<li>Tiqets.com:&nbsp;<a href=\"https:\/\/support.tiqets.com\/lang\/de\" target=\"_blank\" rel=\"noreferrer noopener\">Kontakt<\/a><\/li>\n\n\n\n<li>GetYourGuide:&nbsp;<a href=\"https:\/\/www.getyourguide.de\/contact\/\" target=\"_blank\" rel=\"noreferrer noopener\">Kontakt<\/a><\/li>\n<\/ul>\n","protected":false},"excerpt":{"rendered":"<p>VeronaCard.net ist keine offizielle Website. Hier k\u00f6nnen Sie das offizielle Tourismusb\u00fcro kontaktieren. Kontaktdaten: Tourismusb\u00fcro Verona Kontaktdaten: Tiqets\/GetYourGuide<\/p>\n","protected":false},"author":1,"featured_media":0,"parent":0,"menu_order":0,"comment_status":"closed","ping_status":"closed","template":"","meta":{"footnotes":""},"class_list":["post-253","page","type-page","status-publish"],"aioseo_notices":[],"_links":{"self":[{"href":"https:\/\/www.veronacard.net\/de\/wp-json\/wp\/v2\/pages\/253","targetHints":{"allow":["GET"]}}],"collection":[{"href":"https:\/\/www.veronacard.net\/de\/wp-json\/wp\/v2\/pages"}],"about":[{"href":"https:\/\/www.veronacard.net\/de\/wp-json\/wp\/v2\/types\/page"}],"author":[{"embeddable":true,"href":"https:\/\/www.veronacard.net\/de\/wp-json\/wp\/v2\/users\/1"}],"replies":[{"embeddable":true,"href":"https:\/\/www.veronacard.net\/de\/wp-json\/wp\/v2\/comments?post=253"}],"version-history":[{"count":4,"href":"https:\/\/www.veronacard.net\/de\/wp-json\/wp\/v2\/pages\/253\/revisions"}],"predecessor-version":[{"id":747,"href":"https:\/\/www.veronacard.net\/de\/wp-json\/wp\/v2\/pages\/253\/revisions\/747"}],"wp:attachment":[{"href":"https:\/\/www.veronacard.net\/de\/wp-json\/wp\/v2\/media?parent=253"}],"curies":[{"name":"wp","href":"https:\/\/api.w.org\/{rel}","templated":true}]}}